{"id":3651,"date":"2020-09-08T09:06:14","date_gmt":"2020-09-08T07:06:14","guid":{"rendered":"https:\/\/www.ofg.uni-osnabrueck.de\/?page_id=3651"},"modified":"2022-03-08T13:53:20","modified_gmt":"2022-03-08T12:53:20","slug":"live","status":"publish","type":"page","link":"https:\/\/www.ofg.uni-osnabrueck.de\/en\/live\/","title":{"rendered":"Friedensgespr\u00e4che Live"},"content":{"rendered":"\n<p><strong>Zuletzt wurde hier am 7. M\u00e4rz 2022 die Veranstaltung <em><a rel=\"noreferrer noopener\" href=\"https:\/\/www.ofg.uni-osnabrueck.de\/sonderfriedensgespraech-zum-krieg-in-der-ukraine\/\" target=\"_blank\">Zeitenwende \u2013 Sonderfriedensgespr\u00e4ch zum Krieg in der Ukraine<\/a><\/em> \u00fcbertragen:<\/strong><\/p>\n\n\n<figure class=\"wp-block-embed-youtube wp-block-embed is-type-video is-provider-youtube wp-embed-aspect-4-3 wp-has-aspect-ratio\"><div class=\"lyte-wrapper\" title=\"Zeitenwende &ndash; Sonderfriedensgespr&auml;ch zum Krieg in der Ukraine\" style=\"width:853px;max-width:100%;margin:5px auto;\"><div class=\"lyMe hidef\" id=\"WYL_YPsr_cq9dv0\" itemprop=\"video\" itemscope itemtype=\"https:\/\/schema.org\/VideoObject\"><div><meta itemprop=\"thumbnailUrl\" content=\"https:\/\/www.ofg.uni-osnabrueck.de\/wp-content\/plugins\/wp-youtube-lyte\/lyteCache.php?origThumbUrl=https%3A%2F%2Fi.ytimg.com%2Fvi%2FYPsr_cq9dv0%2Fmaxresdefault.jpg\" \/><meta itemprop=\"embedURL\" content=\"https:\/\/www.youtube.com\/embed\/YPsr_cq9dv0\" \/><meta itemprop=\"duration\" content=\"PT1H42M48S\" \/><meta itemprop=\"uploadDate\" content=\"2022-03-08T06:54:02Z\" \/><\/div><div id=\"lyte_YPsr_cq9dv0\" data-src=\"https:\/\/www.ofg.uni-osnabrueck.de\/wp-content\/plugins\/wp-youtube-lyte\/lyteCache.php?origThumbUrl=https%3A%2F%2Fi.ytimg.com%2Fvi%2FYPsr_cq9dv0%2Fmaxresdefault.jpg\" class=\"pL\"><div class=\"tC\"><div class=\"tT\" itemprop=\"name\">Zeitenwende \u2013 Sonderfriedensgespr\u00e4ch zum Krieg in der Ukraine<\/div><\/div><div class=\"play\"><\/div><div class=\"ctrl\"><div class=\"Lctrl\"><\/div><div class=\"Rctrl\"><\/div><\/div><\/div><noscript><a href=\"https:\/\/youtu.be\/YPsr_cq9dv0\" rel=\"nofollow\"><img loading=\"lazy\" decoding=\"async\" src=\"https:\/\/www.ofg.uni-osnabrueck.de\/wp-content\/plugins\/wp-youtube-lyte\/lyteCache.php?origThumbUrl=https%3A%2F%2Fi.ytimg.com%2Fvi%2FYPsr_cq9dv0%2F0.jpg\" alt=\"Zeitenwende &ndash; Sonderfriedensgespr&auml;ch zum Krieg in der Ukraine\" width=\"853\" height=\"460\" \/><br \/>Watch this video on YouTube<\/a><\/noscript><meta itemprop=\"description\" content=\"Fassungslosigkeit und Entsetzen bestimmen seit dem 24. Februar unser Leben \u2013 der Krieg in der Ukraine ersch\u00fcttert die Welt. Der v\u00f6lkerrechtswidrige Angriffskrieg Russlands, den wir gerade erleben, bedeutet eine Zeitenwende, die bislang unvorstellbar schien. Um die Lage in der Ukraine wissenschaftlich einzuordnen und die Geschehnisse und Folgen zu beleuchten, findet ein Sonderfriedensgespr\u00e4ch zum Krieg in der Ukraine als Livestream statt. Renommierte Wissenschaftlerinnen und Wissenschaftler der Universit\u00e4t Osnabr\u00fcck und der Universit\u00e4t M\u00fcnster werden sowohl die historischen Wurzeln des Konflikts und das Selbstverst\u00e4ndnis der beiden L\u00e4nder als auch die globalen Auswirkungen und die Wirksamkeit der Sanktionen in den Blick nehmen. Zudem werden die Themen Flucht und Migration und die Rolle Deutschlands betrachtet. Auf dem Podium diskutieren Prof. Dr. Valeriya Dinger (Professorin f\u00fcr Makro\u00f6konomik am Institut f\u00fcr Empirische Wirtschaftsforschung der Universit\u00e4t Osnabr\u00fcck), Dr. Franck D\u00fcvell (Migrationswissenschaftler am Institut f\u00fcr Migrationsforschung und Interkulturelle Studien der Universit\u00e4t Osnabr\u00fcck), Prof. Dr. Ulrich Schneckener (Professor f\u00fcr Internationale Beziehungen &amp; Friedens- und Konfliktforschung der Universit\u00e4t Osnabr\u00fcck und Mitglied des Instituts f\u00fcr Migrationsforschung und Interkulturelle Studien) und Prof. Dr. Ricarda Vulpius (Professorin f\u00fcr Osteurop\u00e4ische und Ostmitteleurop\u00e4ische Geschichte an der Westf\u00e4lischen Wilhelms-Universit\u00e4t M\u00fcnster und Expertin f\u00fcr russl\u00e4ndische und ukrainische Geschichte). Moderiert wird die au\u00dferplanm\u00e4\u00dfige Diskussionsrunde durch die Universit\u00e4tspr\u00e4sidentin, Prof. Dr. Susanne Menzel-Riedl.\"><\/div><\/div><div class=\"lL\" style=\"max-width:100%;width:853px;margin:5px auto;\"><br\/><span class=\"lyte_disclaimer\">Bitte beachten Sie unsere Datenschutzerkl\u00e4rung. Wenn Sie das Video abspielen, werden Daten an YouTube gesendet.<\/span><\/div><figcaption><\/figcaption><\/figure>\n\n\n<p><\/p>\n","protected":false},"excerpt":{"rendered":"<p>Zuletzt wurde hier am 7. M\u00e4rz 2022 die Veranstaltung Zeitenwende \u2013 Sonderfriedensgespr\u00e4ch zum Krieg in der Ukraine \u00fcbertragen:<\/p>\n","protected":false},"author":2,"featured_media":0,"parent":0,"menu_order":0,"comment_status":"closed","ping_status":"closed","template":"","meta":{"footnotes":""},"class_list":["post-3651","page","type-page","status-publish"],"wps_subtitle":"","_links":{"self":[{"href":"https:\/\/www.ofg.uni-osnabrueck.de\/en\/wp-json\/wp\/v2\/pages\/3651","targetHints":{"allow":["GET"]}}],"collection":[{"href":"https:\/\/www.ofg.uni-osnabrueck.de\/en\/wp-json\/wp\/v2\/pages"}],"about":[{"href":"https:\/\/www.ofg.uni-osnabrueck.de\/en\/wp-json\/wp\/v2\/types\/page"}],"author":[{"embeddable":true,"href":"https:\/\/www.ofg.uni-osnabrueck.de\/en\/wp-json\/wp\/v2\/users\/2"}],"replies":[{"embeddable":true,"href":"https:\/\/www.ofg.uni-osnabrueck.de\/en\/wp-json\/wp\/v2\/comments?post=3651"}],"version-history":[{"count":42,"href":"https:\/\/www.ofg.uni-osnabrueck.de\/en\/wp-json\/wp\/v2\/pages\/3651\/revisions"}],"predecessor-version":[{"id":6890,"href":"https:\/\/www.ofg.uni-osnabrueck.de\/en\/wp-json\/wp\/v2\/pages\/3651\/revisions\/6890"}],"wp:attachment":[{"href":"https:\/\/www.ofg.uni-osnabrueck.de\/en\/wp-json\/wp\/v2\/media?parent=3651"}],"curies":[{"name":"wp","href":"https:\/\/api.w.org\/{rel}","templated":true}]}}