{"id":17,"date":"2020-01-17T17:54:26","date_gmt":"2020-01-17T16:54:26","guid":{"rendered":"https:\/\/www.ofg.uni-osnabrueck.de\/?page_id=17"},"modified":"2020-07-20T18:29:19","modified_gmt":"2020-07-20T16:29:19","slug":"datenschutz","status":"publish","type":"page","link":"https:\/\/www.ofg.uni-osnabrueck.de\/en\/datenschutz\/","title":{"rendered":"Datenschutz"},"content":{"rendered":"\n<h2 class=\"wp-block-heading\">Datenschutzerkl\u00e4rung<\/h2>\n\n\n\n<h3 class=\"wp-block-heading\"> \u00a7 1 Information \u00fcber die Erhebung personenbezogener Daten <\/h3>\n\n\n\n<p>(1) Im Folgenden informieren wir \u00fcber die Erhebung personenbezogener Daten bei Nutzung unserer Website. Personenbezogene Daten sind alle Daten, die auf Sie pers\u00f6nlich beziehbar sind, z.\u2009B. Name, Adresse, E-Mail-Adressen, Nutzerverhalten.<\/p>\n\n\n\n<p>(2) Verantwortlicher gem. Art. 4 Abs. 7 EU-Datenschutz-Grundverordnung (DS-GV0) ist die<br>Universit\u00e4t Osnabr\u00fcck<\/p>\n\n\n\n<p>Vertreten durch die Pr\u00e4sidentin Prof. Dr. Susanne Menzel-Riedl<br>Neuer Graben 29 \/ Schloss<br>49074 Osnabr\u00fcck<\/p>\n\n\n\n<p>Ansprechpartnerin:<br>Janina Majerczyk<br>Telefon: +49 541 969-4010<br><a class=\"mail\" title=\"E-Mail schreiben\" href=\"mailto:jmajercz@uni-osnabrueck.de\">jmajercz@uni-osnabrueck.de<\/a><\/p>\n\n\n\n<p>Unseren Datenschutzbeauftragten Dipl.-Kfm. Bj\u00f6rn Voitel erreichen Sie unter der Adresse &#8220;Heger-Tor-Wall 12, 49069 Osnabr\u00fcck&#8221;, Tel. 0541 969 4559, datenschutzbeauftragter@uni-osnabrueck.de<\/p>\n\n\n\n<p>(3) Bei Ihrer Kontaktaufnahme mit uns per E-Mail oder \u00fcber ein Kontaktformular werden die von Ihnen mitgeteilten Daten (Ihre E-Mail-Adresse, ggf. Ihr Name und Ihre Telefonnummer) von uns gespeichert, um Ihre Fragen zu beantworten. Die in diesem Zusammenhang anfallenden Daten l\u00f6schen wir, nachdem die Speicherung nicht mehr erforderlich ist, oder schr\u00e4nken die Verarbeitung ein, falls gesetzliche Aufbewahrungspflichten bestehen.<\/p>\n\n\n\n<p>(4) Falls wir f\u00fcr einzelne Funktionen unseres Angebots auf beauftragte Dienstleister zur\u00fcckgreifen, werden wir Sie untenstehend im Detail \u00fcber die jeweiligen Vorg\u00e4nge informieren. Dabei nennen wir auch die festgelegten Kriterien der Speicherdauer.<\/p>\n\n\n\n<h3 class=\"wp-block-heading\">\u00a7 2 Ihre Rechte<\/h3>\n\n\n\n<p>(1) Sie haben gegen\u00fcber uns folgende Rechte hinsichtlich der Sie betreffenden personenbezogenen Daten:<\/p>\n\n\n\n<ul class=\"wp-block-list\"><li>Recht auf Auskunft,<\/li><li>Recht auf Berichtigung oder L\u00f6schung,<\/li><li>Recht auf Einschr\u00e4nkung der Verarbeitung,<\/li><li>Recht auf Widerspruch gegen die Verarbeitung.<\/li><li>Ein Recht auf Daten\u00fcbertragbarkeit existiert im \u00f6ffentlichen-<\/li><li>rechtlichen Bereich nicht. (Artikel 20, Abs. 2, S. 2)<\/li><\/ul>\n\n\n\n<p>(2) Sie haben zudem das Recht, sich bei einer Datenschutz-Aufsichtsbeh\u00f6rde \u00fcber die Verarbeitung Ihrer personenbezogenen Daten durch uns zu beschweren. Sie d\u00fcrfen sich mit Beschwerden auch an die Landesbeauftragte f\u00fcr den Datenschutz Niedersachsen, Prinzenstra\u00dfe 5, 30159 Hannover, Tel. 0511\/120-4500, poststelle@lfd.niedersachsen.de wenden.<\/p>\n\n\n\n<h3 class=\"wp-block-heading\">\u00a7 3 Erhebung personenbezogener Daten bei Besuch unserer Website<\/h3>\n\n\n\n<p>(1) Bei der blo\u00df informatorischen Nutzung der Website, also wenn Sie sich nicht registrieren oder uns anderweitig Informationen \u00fcbermitteln, erheben wir nur die personenbezogenen Daten, die Ihr Browser an unseren Server \u00fcbermittelt. Wenn Sie unsere Website betrachten m\u00f6chten, erheben wir die folgenden Daten, die f\u00fcr uns technisch erforderlich sind, um Ihnen unsere Website anzuzeigen und die Stabilit\u00e4t und Sicherheit zu gew\u00e4hrleisten.<\/p>\n\n\n\n<ul class=\"wp-block-list\"><li>IP-Adresse<\/li><li>Datum und Uhrzeit der Anfrage<\/li><li>Zeitzonendifferenz zur Greenwich Mean Time (GMT)<\/li><li>Inhalt der Anforderung (konkrete Seite)<\/li><li>Zugriffsstatus\/HTTP-Statuscode<\/li><li>jeweils \u00fcbertragene Datenmenge<\/li><li>Website, von der die Anforderung kommt<\/li><li>Browser<\/li><li>Betriebssystem und dessen Oberfl\u00e4che<\/li><li>Sprache und Version der Browsersoftware.<\/li><\/ul>\n\n\n\n<p>(2) Zus\u00e4tzlich zu den zuvor genannten Daten werden bei Ihrer Nutzung unserer Website Cookies auf Ihrem Rechner gespeichert. Bei Cookies handelt es sich um kleine Textdateien, die auf Ihrer Festplatte dem von Ihnen verwendeten Browser zugeordnet gespeichert werden und durch welche der Stelle, die den Cookie setzt (hier durch uns), bestimmte Informationen zuflie\u00dfen. Cookies k\u00f6nnen keine Programme ausf\u00fchren oder Viren auf Ihren Computer \u00fcbertragen. Sie dienen dazu, das Internetangebot insgesamt nutzerfreundlicher und effektiver zu machen.<\/p>\n\n\n\n<p>(3) Einsatz von Cookies:<br>a) Diese Website nutzt folgende Arten von Cookies, deren Umfang und Funktionsweise im Folgenden erl\u00e4utert werden:<\/p>\n\n\n\n<ul class=\"wp-block-list\"><li>Transiente Cookies (dazu b)<\/li><li>Persistente Cookies (dazu c).<\/li><\/ul>\n\n\n\n<p>b) Transiente Cookies sind erforderlich f\u00fcr die grundlegenden Funktionen einer Webseite. Zu den Transienten Cookies z\u00e4hlen insbesondere die Session-Cookies. Diese speichern eine sogenannte Session-ID, mit welcher sich verschiedene Anfragen Ihres Browsers der gemeinsamen Sitzung zuordnen lassen. Dadurch kann Ihr Rechner wiedererkannt werden, wenn Sie auf unsere Website zur\u00fcckkehren. Die Session-Cookies werden gel\u00f6scht, wenn Sie sich ausloggen oder den Browser schlie\u00dfen.<br>c) Persistente Cookies werden automatisiert nach einer vorgegebenen Dauer gel\u00f6scht, die sich je nach Cookie unterscheiden kann. Sie k\u00f6nnen die Cookies in den Sicherheitseinstellungen Ihres Browsers jederzeit l\u00f6schen.<br>d) Sie k\u00f6nnen Ihre Browser-Einstellung entsprechend Ihren W\u00fcnschen konfigurieren und z.\u2009B. die Annahme von Third-Party-Cookies oder allen Cookies ablehnen. Wir weisen Sie darauf hin, dass Sie eventuell nicht alle Funktionen dieser Website nutzen k\u00f6nnen.<br>e) Wir setzen Cookies ein, um Sie f\u00fcr Folgebesuche identifizieren zu k\u00f6nnen, falls Sie \u00fcber einen Account bei uns verf\u00fcgen. Andernfalls m\u00fcssten Sie sich f\u00fcr jeden Besuch erneut einloggen.<\/p>\n\n\n\n<p>(4) Datenschutzbestimmungen zu Einsatz und Verwendung von Social Media<br>In die Website der Universit\u00e4t Osnabr\u00fcck sind Links zu verschiedenen Social-Media-Plattformen wie Youtube, Instagram, Twitter, Facebook u. a. integriert. Dabei handelt es sich dann jedoch nicht um eine Integration von Daten wie etwa den \u201eGef\u00e4llt mir\u201c-Button, sondern um Links auf die Au\u00dfendarstellung der Universit\u00e4t auf der entsprechenden Plattform. Von der Universit\u00e4t Osnabr\u00fcck werden keine datenschutzrelevanten Daten gespeichert.<\/p>\n\n\n\n<p>Wenn externe Inhalte eines Anbieters, wie etwa YouTube, Instagram, Twitter, Facebook usw. auf einer universit\u00e4ren Internetseite eingebunden werden (per iframe oder auf \u00e4hnliche Weise), wird zus\u00e4tzlich auf die Datenschutzrichtlinien des jeweiligen Dienstes verwiesen. Der Passus lautet in etwa:<br>\u201eFacebook\/Twitter verwendet Cookies, die f\u00fcr Werbung verwendet werden k\u00f6nnen. F\u00fcr die Benutzung gilt die Datenschutz-Richtlinie von Facebook\/Twitter uneingeschr\u00e4nkt.\u201c<br>Diese Regelung gilt aber nur, wenn der Dienst einbettet wird. Bei einem einfachen Link auf ein universit\u00e4res Facebook-Profil muss der oben genannten Passus nicht angegeben werden.<\/p>\n\n\n\n<p>Unter den folgenden URLs finden Sie die Datenschutzbestimmungen der sozialen Netzwerke:<\/p>\n\n\n\n<p>YouTube: https:\/\/policies.google.com\/privacy?hl=de<br>Instagram: https:\/\/instagram.com\/about\/legal\/privacy\/<br>Twitter: https:\/\/twitter.com\/de\/privacy<br>Facebook: https:\/\/de-de.facebook.com\/privacy\/explanation<\/p>\n\n\n\n<p>(5) YouTube mit erweitertem Datenschutz<br>Diese Website bindet Videos der YouTube ein. Betreiber der Seiten ist die Google Ireland Limited (\u201eGoogle\u201c), Gordon House, Barrow Street, Dublin 4, Irland.<br>Wir nutzen YouTube im erweiterten Datenschutzmodus. Dieser Modus bewirkt laut YouTube, dass YouTube keine Informationen \u00fcber die Besucher auf dieser Website speichert, bevor diese sich das Video ansehen. Die Weitergabe von Daten an YouTube-Partner wird durch den erweiterten Datenschutzmodus hingegen nicht zwingend ausgeschlossen. So stellt YouTube \u2013 unabh\u00e4ngig davon, ob Sie sich ein Video ansehen \u2013 eine Verbindung zum Google DoubleClick-Netzwerk her.<\/p>\n\n\n\n<p>Sobald Sie ein YouTube-Video auf dieser Website starten, wird eine Verbindung zu den Servern von YouTube hergestellt. Dabei wird dem YouTube-Server mitgeteilt, welche unserer Seiten Sie besucht haben. Wenn Sie in Ihrem YouTube-Account eingeloggt sind, erm\u00f6glichen Sie YouTube, Ihr Surfverhalten direkt Ihrem pers\u00f6nlichen Profil zuzuordnen. Dies k\u00f6nnen Sie verhindern, indem Sie sich aus Ihrem YouTube-Account ausloggen.<br>Des Weiteren kann YouTube nach Starten eines Videos verschiedene Cookies auf Ihrem Endger\u00e4t speichern. Mit Hilfe dieser Cookies kann YouTube Informationen \u00fcber Besucher dieser Website erhalten. Diese Informationen werden u. a. verwendet, um Videostatistiken zu erfassen, die Anwenderfreundlichkeit zu verbessern und Betrugsversuchen vorzubeugen. Die Cookies verbleiben auf Ihrem Endger\u00e4t, bis Sie sie l\u00f6schen.<br>Gegebenenfalls k\u00f6nnen nach dem Start eines YouTube-Videos weitere Datenverarbeitungsvorg\u00e4nge ausgel\u00f6st werden, auf die wir keinen Einfluss haben.<br>Weitere Informationen \u00fcber Datenschutz bei YouTube finden Sie in deren Datenschutzerkl\u00e4rung unter: <a href=\"https:\/\/policies.google.com\/privacy?hl=de\" target=\"_blank\" rel=\"noreferrer noopener\" aria-label=\"https:\/\/policies.google.com\/privacy?hl=de (\u00f6ffnet in neuem Tab)\">https:\/\/policies.google.com\/privacy?hl=de<\/a>.<\/p>\n\n\n\n<p>Die Datenverarbeitung erfolgt aufgrund der Art. 6 Abs. 1 lit. e) DSGVO i.V.m. \u00a7 3 NDSG sowie \u00a7 3 NHG (soweit erforderlich).<\/p>\n","protected":false},"excerpt":{"rendered":"<p>Datenschutzerkl\u00e4rung \u00a7 1 Information \u00fcber die Erhebung personenbezogener Daten (1) Im Folgenden informieren wir \u00fcber die Erhebung personenbezogener Daten bei Nutzung unserer Website. Personenbezogene Daten sind alle Daten, die auf Sie pers\u00f6nlich beziehbar sind, z.\u2009B. Name, Adresse, E-Mail-Adressen, Nutzerverhalten. (2) Verantwortlicher gem. Art. 4 Abs. 7 EU-Datenschutz-Grundverordnung (DS-GV0) ist dieUniversit\u00e4t Osnabr\u00fcck Vertreten durch die Pr\u00e4sidentin &#8230; <a title=\"Datenschutz\" class=\"read-more\" href=\"https:\/\/www.ofg.uni-osnabrueck.de\/en\/datenschutz\/\" aria-label=\"Read more about Datenschutz\">Read more<\/a><\/p>\n","protected":false},"author":2,"featured_media":0,"parent":0,"menu_order":0,"comment_status":"closed","ping_status":"closed","template":"","meta":{"footnotes":""},"class_list":["post-17","page","type-page","status-publish"],"wps_subtitle":"","_links":{"self":[{"href":"https:\/\/www.ofg.uni-osnabrueck.de\/en\/wp-json\/wp\/v2\/pages\/17","targetHints":{"allow":["GET"]}}],"collection":[{"href":"https:\/\/www.ofg.uni-osnabrueck.de\/en\/wp-json\/wp\/v2\/pages"}],"about":[{"href":"https:\/\/www.ofg.uni-osnabrueck.de\/en\/wp-json\/wp\/v2\/types\/page"}],"author":[{"embeddable":true,"href":"https:\/\/www.ofg.uni-osnabrueck.de\/en\/wp-json\/wp\/v2\/users\/2"}],"replies":[{"embeddable":true,"href":"https:\/\/www.ofg.uni-osnabrueck.de\/en\/wp-json\/wp\/v2\/comments?post=17"}],"version-history":[{"count":6,"href":"https:\/\/www.ofg.uni-osnabrueck.de\/en\/wp-json\/wp\/v2\/pages\/17\/revisions"}],"predecessor-version":[{"id":366,"href":"https:\/\/www.ofg.uni-osnabrueck.de\/en\/wp-json\/wp\/v2\/pages\/17\/revisions\/366"}],"wp:attachment":[{"href":"https:\/\/www.ofg.uni-osnabrueck.de\/en\/wp-json\/wp\/v2\/media?parent=17"}],"curies":[{"name":"wp","href":"https:\/\/api.w.org\/{rel}","templated":true}]}}